{"id":191,"date":"2021-02-22T17:48:31","date_gmt":"2021-02-22T20:48:31","guid":{"rendered":"http:\/\/homeengenharia.eng.br\/?page_id=191"},"modified":"2021-04-21T20:28:14","modified_gmt":"2021-04-21T23:28:14","slug":"educacao","status":"publish","type":"page","link":"http:\/\/homeengenharia.eng.br\/index.php\/educacao\/","title":{"rendered":"Educa\u00e7\u00e3o"},"content":{"rendered":"\t\t<div data-elementor-type=\"wp-page\" data-elementor-id=\"191\" class=\"elementor elementor-191\" data-elementor-settings=\"[]\">\n\t\t\t\t\t\t\t<div class=\"elementor-section-wrap\">\n\t\t\t\t\t\t\t<section class=\"elementor-section elementor-top-section elementor-element elementor-element-af948ff elementor-section-full_width elementor-section-height-default elementor-section-height-default\" data-id=\"af948ff\" data-element_type=\"section\" data-settings=\"{&quot;background_background&quot;:&quot;gradient&quot;,&quot;shape_divider_bottom&quot;:&quot;tilt&quot;,&quot;sticky&quot;:&quot;top&quot;,&quot;sticky_on&quot;:[&quot;desktop&quot;,&quot;tablet&quot;,&quot;mobile&quot;],&quot;sticky_offset&quot;:0,&quot;sticky_effects_offset&quot;:0}\">\n\t\t\t\t\t<div class=\"elementor-shape elementor-shape-bottom\" data-negative=\"false\">\n\t\t\t<svg xmlns=\"http:\/\/www.w3.org\/2000\/svg\" viewBox=\"0 0 1000 100\" preserveAspectRatio=\"none\">\n\t<path class=\"elementor-shape-fill\" d=\"M0,6V0h1000v100L0,6z\"\/>\n<\/svg>\t\t<\/div>\n\t\t\t\t\t<div class=\"elementor-container elementor-column-gap-default\">\n\t\t\t\t\t<div class=\"elementor-column elementor-col-50 elementor-top-column elementor-element elementor-element-52aaa00\" data-id=\"52aaa00\" data-element_type=\"column\">\n\t\t\t<div class=\"elementor-widget-wrap elementor-element-populated\">\n\t\t\t\t\t\t\t\t<div class=\"elementor-element elementor-element-4179fb7 elementor-widget elementor-widget-image\" data-id=\"4179fb7\" data-element_type=\"widget\" data-widget_type=\"image.default\">\n\t\t\t\t<div class=\"elementor-widget-container\">\n\t\t\t\t\t<div class=\"elementor-image\">\n\t\t\t\t\t\t\t\t\t\t\t<a href=\"http:\/\/homeengenharia.eng.br\/index.php\/home\/\">\n\t\t\t\t\t\t\t<img width=\"800\" height=\"252\" src=\"http:\/\/homeengenharia.eng.br\/wp-content\/uploads\/2021\/03\/Home_Engenharia-Logo.png\" class=\"attachment-large size-large\" alt=\"\" loading=\"lazy\" srcset=\"http:\/\/homeengenharia.eng.br\/wp-content\/uploads\/2021\/03\/Home_Engenharia-Logo.png 1006w, http:\/\/homeengenharia.eng.br\/wp-content\/uploads\/2021\/03\/Home_Engenharia-Logo-300x95.png 300w, http:\/\/homeengenharia.eng.br\/wp-content\/uploads\/2021\/03\/Home_Engenharia-Logo-768x242.png 768w\" sizes=\"(max-width: 800px) 100vw, 800px\" \/>\t\t\t\t\t\t\t\t<\/a>\n\t\t\t\t\t\t\t\t\t\t\t<\/div>\n\t\t\t\t<\/div>\n\t\t\t\t<\/div>\n\t\t\t\t\t<\/div>\n\t\t<\/div>\n\t\t\t\t<div class=\"elementor-column elementor-col-50 elementor-top-column elementor-element elementor-element-a031036\" data-id=\"a031036\" data-element_type=\"column\">\n\t\t\t<div class=\"elementor-widget-wrap elementor-element-populated\">\n\t\t\t\t\t\t\t\t<div class=\"elementor-element elementor-element-0d4d77d elementor-nav-menu--indicator-classic elementor-nav-menu__text-align-aside elementor-nav-menu--toggle elementor-nav-menu--burger elementor-widget elementor-widget-nav-menu\" data-id=\"0d4d77d\" data-element_type=\"widget\" data-settings=\"{&quot;layout&quot;:&quot;dropdown&quot;,&quot;toggle&quot;:&quot;burger&quot;}\" data-widget_type=\"nav-menu.default\">\n\t\t\t\t<div class=\"elementor-widget-container\">\n\t\t\t\t\t<div class=\"elementor-menu-toggle\" role=\"button\" tabindex=\"0\" aria-label=\"Menu Toggle\" aria-expanded=\"false\">\n\t\t\t<i class=\"eicon-menu-bar\" aria-hidden=\"true\"><\/i>\n\t\t\t<span class=\"elementor-screen-only\">Menu<\/span>\n\t\t<\/div>\n\t\t\t<nav class=\"elementor-nav-menu--dropdown elementor-nav-menu__container\" role=\"navigation\" aria-hidden=\"true\"><ul id=\"menu-2-0d4d77d\" class=\"elementor-nav-menu\"><li class=\"menu-item menu-item-type-post_type menu-item-object-page menu-item-home menu-item-56\"><a href=\"http:\/\/homeengenharia.eng.br\/\" class=\"elementor-item\">Home<\/a><\/li>\n<li class=\"menu-item menu-item-type-post_type menu-item-object-page menu-item-58\"><a href=\"http:\/\/homeengenharia.eng.br\/index.php\/nossa-historia\/\" class=\"elementor-item\">Nossa Hist\u00f3ria<\/a><\/li>\n<li class=\"menu-item menu-item-type-post_type menu-item-object-page menu-item-474\"><a href=\"http:\/\/homeengenharia.eng.br\/index.php\/obras\/\" class=\"elementor-item\">Obras<\/a><\/li>\n<li class=\"menu-item menu-item-type-post_type menu-item-object-page menu-item-55\"><a href=\"http:\/\/homeengenharia.eng.br\/index.php\/contato\/\" class=\"elementor-item\">Fale Conosco<\/a><\/li>\n<\/ul><\/nav>\n\t\t\t\t<\/div>\n\t\t\t\t<\/div>\n\t\t\t\t\t<\/div>\n\t\t<\/div>\n\t\t\t\t\t\t\t<\/div>\n\t\t<\/section>\n\t\t\t\t<section class=\"elementor-section elementor-top-section elementor-element elementor-element-6dd3607 elementor-section-boxed elementor-section-height-default elementor-section-height-default\" data-id=\"6dd3607\" data-element_type=\"section\" data-settings=\"{&quot;background_background&quot;:&quot;classic&quot;}\">\n\t\t\t\t\t\t\t<div class=\"elementor-background-overlay\"><\/div>\n\t\t\t\t\t\t\t<div class=\"elementor-container elementor-column-gap-default\">\n\t\t\t\t\t<div class=\"elementor-column elementor-col-100 elementor-top-column elementor-element elementor-element-6159a83\" data-id=\"6159a83\" data-element_type=\"column\">\n\t\t\t<div class=\"elementor-widget-wrap elementor-element-populated\">\n\t\t\t\t\t\t\t\t<div class=\"elementor-element elementor-element-e628f7d elementor-widget elementor-widget-heading\" data-id=\"e628f7d\" data-element_type=\"widget\" data-widget_type=\"heading.default\">\n\t\t\t\t<div class=\"elementor-widget-container\">\n\t\t\t<h2 class=\"elementor-heading-title elementor-size-large\">EDUCA\u00c7\u00c3O:<\/h2>\t\t<\/div>\n\t\t\t\t<\/div>\n\t\t\t\t<div class=\"elementor-element elementor-element-17146f2 elementor-posts--align-left elementor-grid-3 elementor-grid-tablet-2 elementor-grid-mobile-1 elementor-posts--thumbnail-top elementor-card-shadow-yes elementor-posts__hover-gradient elementor-widget elementor-widget-posts\" data-id=\"17146f2\" data-element_type=\"widget\" data-settings=\"{&quot;cards_columns&quot;:&quot;3&quot;,&quot;cards_columns_tablet&quot;:&quot;2&quot;,&quot;cards_columns_mobile&quot;:&quot;1&quot;,&quot;cards_row_gap&quot;:{&quot;unit&quot;:&quot;px&quot;,&quot;size&quot;:35,&quot;sizes&quot;:[]}}\" data-widget_type=\"posts.cards\">\n\t\t\t\t<div class=\"elementor-widget-container\">\n\t\t\t\t\t<div class=\"elementor-posts-container elementor-posts elementor-posts--skin-cards elementor-grid\">\n\t\t\t\t<article class=\"elementor-post elementor-grid-item post-920 post type-post status-publish format-standard has-post-thumbnail hentry category-projetos-educacao\">\n\t\t\t<div class=\"elementor-post__card\">\n\t\t\t\t<a class=\"elementor-post__thumbnail__link\" href=\"http:\/\/homeengenharia.eng.br\/index.php\/2022\/01\/31\/educacao-ufrgs-instituto-de-ciencias-basicas-da-saude\/\" >\n\t\t\t<div class=\"elementor-post__thumbnail\"><img width=\"768\" height=\"512\" src=\"http:\/\/homeengenharia.eng.br\/wp-content\/uploads\/2022\/01\/ap_040122___ilma__9_-9511358-768x512.jpg\" class=\"attachment-medium_large size-medium_large\" alt=\"\" loading=\"lazy\" srcset=\"http:\/\/homeengenharia.eng.br\/wp-content\/uploads\/2022\/01\/ap_040122___ilma__9_-9511358-768x512.jpg 768w, http:\/\/homeengenharia.eng.br\/wp-content\/uploads\/2022\/01\/ap_040122___ilma__9_-9511358-300x200.jpg 300w, http:\/\/homeengenharia.eng.br\/wp-content\/uploads\/2022\/01\/ap_040122___ilma__9_-9511358.jpg 800w\" sizes=\"(max-width: 768px) 100vw, 768px\" \/><\/div>\n\t\t<\/a>\n\t\t\t\t<div class=\"elementor-post__text\">\n\t\t\t\t<h3 class=\"elementor-post__title\">\n\t\t\t<a href=\"http:\/\/homeengenharia.eng.br\/index.php\/2022\/01\/31\/educacao-ufrgs-instituto-de-ciencias-basicas-da-saude\/\" >\n\t\t\t\tEduca\u00e7\u00e3o &#8211; UFRGS Instituto de Ci\u00eancias B\u00e1sicas da Sa\u00fade\t\t\t<\/a>\n\t\t<\/h3>\n\t\t\t\t\t<a class=\"elementor-post__read-more\" href=\"http:\/\/homeengenharia.eng.br\/index.php\/2022\/01\/31\/educacao-ufrgs-instituto-de-ciencias-basicas-da-saude\/\" >\n\t\t\t\tVEJA O PROJETO \u00bb\t\t\t<\/a>\n\t\t\t\t<\/div>\n\t\t\t\t\t<\/div>\n\t\t<\/article>\n\t\t\t\t<article class=\"elementor-post elementor-grid-item post-733 post type-post status-publish format-standard has-post-thumbnail hentry category-projetos-educacao\">\n\t\t\t<div class=\"elementor-post__card\">\n\t\t\t\t<a class=\"elementor-post__thumbnail__link\" href=\"http:\/\/homeengenharia.eng.br\/index.php\/2021\/04\/21\/educacao-ufcspa-anexo-ii\/\" >\n\t\t\t<div class=\"elementor-post__thumbnail\"><img width=\"768\" height=\"574\" src=\"http:\/\/homeengenharia.eng.br\/wp-content\/uploads\/2021\/04\/Imagem2-768x574.jpg\" class=\"attachment-medium_large size-medium_large\" alt=\"\" loading=\"lazy\" srcset=\"http:\/\/homeengenharia.eng.br\/wp-content\/uploads\/2021\/04\/Imagem2-768x574.jpg 768w, http:\/\/homeengenharia.eng.br\/wp-content\/uploads\/2021\/04\/Imagem2-300x224.jpg 300w, http:\/\/homeengenharia.eng.br\/wp-content\/uploads\/2021\/04\/Imagem2.jpg 919w\" sizes=\"(max-width: 768px) 100vw, 768px\" \/><\/div>\n\t\t<\/a>\n\t\t\t\t<div class=\"elementor-post__text\">\n\t\t\t\t<h3 class=\"elementor-post__title\">\n\t\t\t<a href=\"http:\/\/homeengenharia.eng.br\/index.php\/2021\/04\/21\/educacao-ufcspa-anexo-ii\/\" >\n\t\t\t\tEduca\u00e7\u00e3o &#8211; UFCSPA ANEXO II\t\t\t<\/a>\n\t\t<\/h3>\n\t\t\t\t\t<a class=\"elementor-post__read-more\" href=\"http:\/\/homeengenharia.eng.br\/index.php\/2021\/04\/21\/educacao-ufcspa-anexo-ii\/\" >\n\t\t\t\tVEJA O PROJETO \u00bb\t\t\t<\/a>\n\t\t\t\t<\/div>\n\t\t\t\t\t<\/div>\n\t\t<\/article>\n\t\t\t\t<article class=\"elementor-post elementor-grid-item post-529 post type-post status-publish format-standard has-post-thumbnail hentry category-projetos-educacao\">\n\t\t\t<div class=\"elementor-post__card\">\n\t\t\t\t<a class=\"elementor-post__thumbnail__link\" href=\"http:\/\/homeengenharia.eng.br\/index.php\/2021\/03\/15\/universidade-federal-de-santa-maria\/\" >\n\t\t\t<div class=\"elementor-post__thumbnail\"><img width=\"525\" height=\"241\" src=\"http:\/\/homeengenharia.eng.br\/wp-content\/uploads\/2021\/03\/imagem2-1.jpg\" class=\"attachment-medium_large size-medium_large\" alt=\"\" loading=\"lazy\" srcset=\"http:\/\/homeengenharia.eng.br\/wp-content\/uploads\/2021\/03\/imagem2-1.jpg 525w, http:\/\/homeengenharia.eng.br\/wp-content\/uploads\/2021\/03\/imagem2-1-300x138.jpg 300w\" sizes=\"(max-width: 525px) 100vw, 525px\" \/><\/div>\n\t\t<\/a>\n\t\t\t\t<div class=\"elementor-post__text\">\n\t\t\t\t<h3 class=\"elementor-post__title\">\n\t\t\t<a href=\"http:\/\/homeengenharia.eng.br\/index.php\/2021\/03\/15\/universidade-federal-de-santa-maria\/\" >\n\t\t\t\tEduca\u00e7\u00e3o &#8211; Universidade Federal de Santa Maria\t\t\t<\/a>\n\t\t<\/h3>\n\t\t\t\t\t<a class=\"elementor-post__read-more\" href=\"http:\/\/homeengenharia.eng.br\/index.php\/2021\/03\/15\/universidade-federal-de-santa-maria\/\" >\n\t\t\t\tVEJA O PROJETO \u00bb\t\t\t<\/a>\n\t\t\t\t<\/div>\n\t\t\t\t\t<\/div>\n\t\t<\/article>\n\t\t\t\t<article class=\"elementor-post elementor-grid-item post-524 post type-post status-publish format-standard has-post-thumbnail hentry category-projetos-educacao\">\n\t\t\t<div class=\"elementor-post__card\">\n\t\t\t\t<a class=\"elementor-post__thumbnail__link\" href=\"http:\/\/homeengenharia.eng.br\/index.php\/2021\/03\/15\/sede-da-faculdade-de-medicina-ufrgs\/\" >\n\t\t\t<div class=\"elementor-post__thumbnail\"><img width=\"541\" height=\"371\" src=\"http:\/\/homeengenharia.eng.br\/wp-content\/uploads\/2021\/03\/imagem1-2.jpg\" class=\"attachment-medium_large size-medium_large\" alt=\"\" loading=\"lazy\" srcset=\"http:\/\/homeengenharia.eng.br\/wp-content\/uploads\/2021\/03\/imagem1-2.jpg 541w, http:\/\/homeengenharia.eng.br\/wp-content\/uploads\/2021\/03\/imagem1-2-300x206.jpg 300w\" sizes=\"(max-width: 541px) 100vw, 541px\" \/><\/div>\n\t\t<\/a>\n\t\t\t\t<div class=\"elementor-post__text\">\n\t\t\t\t<h3 class=\"elementor-post__title\">\n\t\t\t<a href=\"http:\/\/homeengenharia.eng.br\/index.php\/2021\/03\/15\/sede-da-faculdade-de-medicina-ufrgs\/\" >\n\t\t\t\tEduca\u00e7\u00e3o &#8211; Projeto Sede da Faculdade de Medicina UFRGS\t\t\t<\/a>\n\t\t<\/h3>\n\t\t\t\t\t<a class=\"elementor-post__read-more\" href=\"http:\/\/homeengenharia.eng.br\/index.php\/2021\/03\/15\/sede-da-faculdade-de-medicina-ufrgs\/\" >\n\t\t\t\tVEJA O PROJETO \u00bb\t\t\t<\/a>\n\t\t\t\t<\/div>\n\t\t\t\t\t<\/div>\n\t\t<\/article>\n\t\t\t\t<article class=\"elementor-post elementor-grid-item post-519 post type-post status-publish format-standard has-post-thumbnail hentry category-projetos-educacao\">\n\t\t\t<div class=\"elementor-post__card\">\n\t\t\t\t<a class=\"elementor-post__thumbnail__link\" href=\"http:\/\/homeengenharia.eng.br\/index.php\/2021\/03\/15\/projeto-escola-tecnica-da-ufrgs\/\" >\n\t\t\t<div class=\"elementor-post__thumbnail\"><img width=\"700\" height=\"489\" src=\"http:\/\/homeengenharia.eng.br\/wp-content\/uploads\/2021\/03\/escola_tcnica_ufrgs_01.jpg\" class=\"attachment-medium_large size-medium_large\" alt=\"\" loading=\"lazy\" srcset=\"http:\/\/homeengenharia.eng.br\/wp-content\/uploads\/2021\/03\/escola_tcnica_ufrgs_01.jpg 700w, http:\/\/homeengenharia.eng.br\/wp-content\/uploads\/2021\/03\/escola_tcnica_ufrgs_01-300x210.jpg 300w\" sizes=\"(max-width: 700px) 100vw, 700px\" \/><\/div>\n\t\t<\/a>\n\t\t\t\t<div class=\"elementor-post__text\">\n\t\t\t\t<h3 class=\"elementor-post__title\">\n\t\t\t<a href=\"http:\/\/homeengenharia.eng.br\/index.php\/2021\/03\/15\/projeto-escola-tecnica-da-ufrgs\/\" >\n\t\t\t\tEduca\u00e7\u00e3o &#8211; Projeto Escola T\u00e9cnica da UFRGS\t\t\t<\/a>\n\t\t<\/h3>\n\t\t\t\t\t<a class=\"elementor-post__read-more\" href=\"http:\/\/homeengenharia.eng.br\/index.php\/2021\/03\/15\/projeto-escola-tecnica-da-ufrgs\/\" >\n\t\t\t\tVEJA O PROJETO \u00bb\t\t\t<\/a>\n\t\t\t\t<\/div>\n\t\t\t\t\t<\/div>\n\t\t<\/article>\n\t\t\t\t<\/div>\n\t\t\t\t<\/div>\n\t\t\t\t<\/div>\n\t\t\t\t<div class=\"elementor-element elementor-element-913b926 elementor-button-success elementor-align-center elementor-widget elementor-widget-button\" data-id=\"913b926\" data-element_type=\"widget\" data-widget_type=\"button.default\">\n\t\t\t\t<div class=\"elementor-widget-container\">\n\t\t\t\t\t<div class=\"elementor-button-wrapper\">\n\t\t\t<a href=\"http:\/\/homeengenharia.eng.br\/index.php\/obras\/\" class=\"elementor-button-link elementor-button elementor-size-sm\" role=\"button\">\n\t\t\t\t\t\t<span class=\"elementor-button-content-wrapper\">\n\t\t\t\t\t\t<span class=\"elementor-button-text\">PORTF\u00d3LIO COMPLETO<\/span>\n\t\t<\/span>\n\t\t\t\t\t<\/a>\n\t\t<\/div>\n\t\t\t\t<\/div>\n\t\t\t\t<\/div>\n\t\t\t\t\t<\/div>\n\t\t<\/div>\n\t\t\t\t\t\t\t<\/div>\n\t\t<\/section>\n\t\t\t\t<section class=\"elementor-section elementor-top-section elementor-element elementor-element-4eed41f elementor-section-boxed elementor-section-height-default elementor-section-height-default\" data-id=\"4eed41f\" data-element_type=\"section\" data-settings=\"{&quot;background_background&quot;:&quot;video&quot;,&quot;background_video_link&quot;:&quot;http:\\\/\\\/homeengenharia.eng.br\\\/wp-content\\\/uploads\\\/2021\\\/02\\\/video-13.mp4&quot;,&quot;shape_divider_bottom&quot;:&quot;opacity-fan&quot;}\">\n\t\t\t\t\t\t\t\t<div class=\"elementor-background-video-container elementor-hidden-phone\">\n\t\t\t\t\t\t\t\t\t\t\t\t\t<video class=\"elementor-background-video-hosted elementor-html5-video\" autoplay muted playsinline loop><\/video>\n\t\t\t\t\t\t\t\t\t\t\t<\/div>\n\t\t\t\t\t\t\t\t\t<div class=\"elementor-background-overlay\"><\/div>\n\t\t\t\t\t\t<div class=\"elementor-shape elementor-shape-bottom\" data-negative=\"false\">\n\t\t\t<svg xmlns=\"http:\/\/www.w3.org\/2000\/svg\" viewBox=\"0 0 283.5 19.6\" preserveAspectRatio=\"none\">\n\t<path class=\"elementor-shape-fill\" style=\"opacity:0.33\" d=\"M0 0L0 18.8 141.8 4.1 283.5 18.8 283.5 0z\"\/>\n\t<path class=\"elementor-shape-fill\" style=\"opacity:0.33\" d=\"M0 0L0 12.6 141.8 4 283.5 12.6 283.5 0z\"\/>\n\t<path class=\"elementor-shape-fill\" style=\"opacity:0.33\" d=\"M0 0L0 6.4 141.8 4 283.5 6.4 283.5 0z\"\/>\n\t<path class=\"elementor-shape-fill\" d=\"M0 0L0 1.2 141.8 4 283.5 1.2 283.5 0z\"\/>\n<\/svg>\t\t<\/div>\n\t\t\t\t\t<div class=\"elementor-container elementor-column-gap-default\">\n\t\t\t\t\t<div class=\"elementor-column elementor-col-100 elementor-top-column elementor-element elementor-element-0b800ac\" data-id=\"0b800ac\" data-element_type=\"column\">\n\t\t\t<div class=\"elementor-widget-wrap elementor-element-populated\">\n\t\t\t\t\t\t\t\t<div class=\"elementor-element elementor-element-a2873fc elementor-invisible elementor-widget elementor-widget-heading\" data-id=\"a2873fc\" data-element_type=\"widget\" data-settings=\"{&quot;_animation&quot;:&quot;zoomIn&quot;}\" data-widget_type=\"heading.default\">\n\t\t\t\t<div class=\"elementor-widget-container\">\n\t\t\t<h2 class=\"elementor-heading-title elementor-size-large\">VAMOS CONSTRUIR<br>JUNTOS!<\/h2>\t\t<\/div>\n\t\t\t\t<\/div>\n\t\t\t\t<div class=\"elementor-element elementor-element-4f7cd3c elementor-button-success elementor-align-center elementor-widget elementor-widget-button\" data-id=\"4f7cd3c\" data-element_type=\"widget\" data-widget_type=\"button.default\">\n\t\t\t\t<div class=\"elementor-widget-container\">\n\t\t\t\t\t<div class=\"elementor-button-wrapper\">\n\t\t\t<a href=\"http:\/\/homeengenharia.eng.br\/index.php\/contato\/\" class=\"elementor-button-link elementor-button elementor-size-sm\" role=\"button\">\n\t\t\t\t\t\t<span class=\"elementor-button-content-wrapper\">\n\t\t\t\t\t\t<span class=\"elementor-button-text\">FALE CONOSCO<\/span>\n\t\t<\/span>\n\t\t\t\t\t<\/a>\n\t\t<\/div>\n\t\t\t\t<\/div>\n\t\t\t\t<\/div>\n\t\t\t\t\t<\/div>\n\t\t<\/div>\n\t\t\t\t\t\t\t<\/div>\n\t\t<\/section>\n\t\t\t\t<section class=\"elementor-section elementor-top-section elementor-element elementor-element-c1850d3 elementor-section-full_width elementor-section-height-default elementor-section-height-default\" data-id=\"c1850d3\" data-element_type=\"section\" data-settings=\"{&quot;background_background&quot;:&quot;classic&quot;}\">\n\t\t\t\t\t\t<div class=\"elementor-container elementor-column-gap-default\">\n\t\t\t\t\t<div class=\"elementor-column elementor-col-100 elementor-top-column elementor-element elementor-element-fc1d9c5\" data-id=\"fc1d9c5\" data-element_type=\"column\">\n\t\t\t<div class=\"elementor-widget-wrap elementor-element-populated\">\n\t\t\t\t\t\t\t\t<div class=\"elementor-element elementor-element-ee0211a elementor-widget-divider--view-line elementor-widget elementor-widget-divider\" data-id=\"ee0211a\" data-element_type=\"widget\" data-widget_type=\"divider.default\">\n\t\t\t\t<div class=\"elementor-widget-container\">\n\t\t\t\t\t<div class=\"elementor-divider\">\n\t\t\t<span class=\"elementor-divider-separator\">\n\t\t\t\t\t\t<\/span>\n\t\t<\/div>\n\t\t\t\t<\/div>\n\t\t\t\t<\/div>\n\t\t\t\t\t<\/div>\n\t\t<\/div>\n\t\t\t\t\t\t\t<\/div>\n\t\t<\/section>\n\t\t\t\t<section class=\"elementor-section elementor-top-section elementor-element elementor-element-94d5419 elementor-section-boxed elementor-section-height-default elementor-section-height-default\" data-id=\"94d5419\" data-element_type=\"section\" data-settings=\"{&quot;background_background&quot;:&quot;classic&quot;}\">\n\t\t\t\t\t\t<div class=\"elementor-container elementor-column-gap-default\">\n\t\t\t\t\t<div class=\"elementor-column elementor-col-33 elementor-top-column elementor-element elementor-element-9a77ab2\" data-id=\"9a77ab2\" data-element_type=\"column\">\n\t\t\t<div class=\"elementor-widget-wrap elementor-element-populated\">\n\t\t\t\t\t\t\t\t<div class=\"elementor-element elementor-element-f09391f elementor-widget elementor-widget-text-editor\" data-id=\"f09391f\" data-element_type=\"widget\" data-widget_type=\"text-editor.default\">\n\t\t\t\t<div class=\"elementor-widget-container\">\n\t\t\t\t\t<div class=\"elementor-text-editor elementor-clearfix\"><p>EXECU\u00c7\u00c3O DE EDIFICA\u00c7\u00d5ES, URBANIZA\u00c7\u00c3O E INFRAESTRUTURA.<\/p><\/div>\n\t\t\t\t<\/div>\n\t\t\t\t<\/div>\n\t\t\t\t\t<\/div>\n\t\t<\/div>\n\t\t\t\t<div class=\"elementor-column elementor-col-33 elementor-top-column elementor-element elementor-element-604ad21\" data-id=\"604ad21\" data-element_type=\"column\">\n\t\t\t<div class=\"elementor-widget-wrap elementor-element-populated\">\n\t\t\t\t\t\t\t\t<div class=\"elementor-element elementor-element-123d170 elementor-widget elementor-widget-text-editor\" data-id=\"123d170\" data-element_type=\"widget\" data-widget_type=\"text-editor.default\">\n\t\t\t\t<div class=\"elementor-widget-container\">\n\t\t\t\t\t<div class=\"elementor-text-editor elementor-clearfix\"><p>Rua Mauricio Sirotsky Sobrinho, 1271 &#8211; Distrito Industrial. Cachoeirinha \/RS.<br \/>Fone: (51) 3471 1200<\/p><\/div>\n\t\t\t\t<\/div>\n\t\t\t\t<\/div>\n\t\t\t\t\t<\/div>\n\t\t<\/div>\n\t\t\t\t<div class=\"elementor-column elementor-col-33 elementor-top-column elementor-element elementor-element-61ca142\" data-id=\"61ca142\" data-element_type=\"column\">\n\t\t\t<div class=\"elementor-widget-wrap elementor-element-populated\">\n\t\t\t\t\t\t\t\t<div class=\"elementor-element elementor-element-32d0bc8 elementor-shape-circle elementor-grid-2 e-grid-align-right elementor-grid-mobile-2 e-grid-align-center elementor-widget elementor-widget-social-icons\" data-id=\"32d0bc8\" data-element_type=\"widget\" data-widget_type=\"social-icons.default\">\n\t\t\t\t<div class=\"elementor-widget-container\">\n\t\t\t\t\t<div class=\"elementor-social-icons-wrapper elementor-grid\">\n\t\t\t\t\t\t\t<div class=\"elementor-grid-item\">\n\t\t\t\t\t<a class=\"elementor-icon elementor-social-icon elementor-social-icon-instagram elementor-repeater-item-2f65b5a\" target=\"_blank\">\n\t\t\t\t\t\t<span class=\"elementor-screen-only\">Instagram<\/span>\n\t\t\t\t\t\t<i class=\"fab fa-instagram\"><\/i>\t\t\t\t\t<\/a>\n\t\t\t\t<\/div>\n\t\t\t\t\t\t\t<div class=\"elementor-grid-item\">\n\t\t\t\t\t<a class=\"elementor-icon elementor-social-icon elementor-social-icon-facebook elementor-repeater-item-4a0d6da\" target=\"_blank\">\n\t\t\t\t\t\t<span class=\"elementor-screen-only\">Facebook<\/span>\n\t\t\t\t\t\t<i class=\"fab fa-facebook\"><\/i>\t\t\t\t\t<\/a>\n\t\t\t\t<\/div>\n\t\t\t\t\t<\/div>\n\t\t\t\t<\/div>\n\t\t\t\t<\/div>\n\t\t\t\t\t<\/div>\n\t\t<\/div>\n\t\t\t\t\t\t\t<\/div>\n\t\t<\/section>\n\t\t\t\t<section class=\"elementor-section elementor-top-section elementor-element elementor-element-b599a53 elementor-section-boxed elementor-section-height-default elementor-section-height-default\" data-id=\"b599a53\" data-element_type=\"section\" data-settings=\"{&quot;background_background&quot;:&quot;classic&quot;}\">\n\t\t\t\t\t\t<div class=\"elementor-container elementor-column-gap-default\">\n\t\t\t\t\t<div class=\"elementor-column elementor-col-100 elementor-top-column elementor-element elementor-element-58e53ad\" data-id=\"58e53ad\" data-element_type=\"column\">\n\t\t\t<div class=\"elementor-widget-wrap elementor-element-populated\">\n\t\t\t\t\t\t\t\t<div class=\"elementor-element elementor-element-f1670e3 elementor-widget elementor-widget-text-editor\" data-id=\"f1670e3\" data-element_type=\"widget\" data-widget_type=\"text-editor.default\">\n\t\t\t\t<div class=\"elementor-widget-container\">\n\t\t\t\t\t<div class=\"elementor-text-editor elementor-clearfix\"><p>Todos os direitos reservados \u00a9 Home Engenharia<\/p><\/div>\n\t\t\t\t<\/div>\n\t\t\t\t<\/div>\n\t\t\t\t\t<\/div>\n\t\t<\/div>\n\t\t\t\t\t\t\t<\/div>\n\t\t<\/section>\n\t\t\t\t\t\t<\/div>\n\t\t\t\t\t<\/div>\n\t\t","protected":false},"excerpt":{"rendered":"<p>EDUCA\u00c7\u00c3O: PORTF\u00d3LIO COMPLETO VAMOS CONSTRUIRJUNTOS! FALE CONOSCO EXECU\u00c7\u00c3O DE EDIFICA\u00c7\u00d5ES, URBANIZA\u00c7\u00c3O E INFRAESTRUTURA. Rua Mauricio Sirotsky Sobrinho, 1271 &#8211; Distrito Industrial. Cachoeirinha \/RS.Fone: (51) 3471<\/p>\n","protected":false},"author":2,"featured_media":0,"parent":0,"menu_order":0,"comment_status":"closed","ping_status":"closed","template":"elementor_canvas","meta":[],"_links":{"self":[{"href":"http:\/\/homeengenharia.eng.br\/index.php\/wp-json\/wp\/v2\/pages\/191"}],"collection":[{"href":"http:\/\/homeengenharia.eng.br\/index.php\/wp-json\/wp\/v2\/pages"}],"about":[{"href":"http:\/\/homeengenharia.eng.br\/index.php\/wp-json\/wp\/v2\/types\/page"}],"author":[{"embeddable":true,"href":"http:\/\/homeengenharia.eng.br\/index.php\/wp-json\/wp\/v2\/users\/2"}],"replies":[{"embeddable":true,"href":"http:\/\/homeengenharia.eng.br\/index.php\/wp-json\/wp\/v2\/comments?post=191"}],"version-history":[{"count":10,"href":"http:\/\/homeengenharia.eng.br\/index.php\/wp-json\/wp\/v2\/pages\/191\/revisions"}],"predecessor-version":[{"id":843,"href":"http:\/\/homeengenharia.eng.br\/index.php\/wp-json\/wp\/v2\/pages\/191\/revisions\/843"}],"wp:attachment":[{"href":"http:\/\/homeengenharia.eng.br\/index.php\/wp-json\/wp\/v2\/media?parent=191"}],"curies":[{"name":"wp","href":"https:\/\/api.w.org\/{rel}","templated":true}]}}